{"id":4,"date":"2016-03-04T21:49:12","date_gmt":"2016-03-04T21:49:12","guid":{"rendered":"http:\/\/bu-mittelstetten.de\/?page_id=4"},"modified":"2026-03-22T15:10:14","modified_gmt":"2026-03-22T14:10:14","slug":"gemeinderat","status":"publish","type":"page","link":"https:\/\/www.bu-mittelstetten.de\/?page_id=4","title":{"rendered":"BU-Gemeinder\u00e4te"},"content":{"rendered":"<p><strong>BU-Gemeinder\u00e4te 2026 gew\u00e4hlt:<\/strong><\/p>\n<p><img loading=\"lazy\" decoding=\"async\" class=\"alignnone size-full wp-image-642\" src=\"https:\/\/www.bu-mittelstetten.de\/wp-content\/uploads\/2019\/11\/VOX9773.jpg\" alt=\"\" width=\"4752\" height=\"3136\" srcset=\"https:\/\/www.bu-mittelstetten.de\/wp-content\/uploads\/2019\/11\/VOX9773.jpg 4752w, https:\/\/www.bu-mittelstetten.de\/wp-content\/uploads\/2019\/11\/VOX9773-400x264.jpg 400w, https:\/\/www.bu-mittelstetten.de\/wp-content\/uploads\/2019\/11\/VOX9773-768x507.jpg 768w, https:\/\/www.bu-mittelstetten.de\/wp-content\/uploads\/2019\/11\/VOX9773-1500x990.jpg 1500w\" sizes=\"auto, (max-width: 4752px) 100vw, 4752px\" \/><\/p>\n<p><strong>Erwin Lauchner<br \/>\n<\/strong><\/p>\n<p><img loading=\"lazy\" decoding=\"async\" class=\"alignnone wp-image-1130\" src=\"https:\/\/www.bu-mittelstetten.de\/wp-content\/uploads\/2026\/01\/BU20-400x267.jpg\" alt=\"\" width=\"470\" height=\"314\" srcset=\"https:\/\/www.bu-mittelstetten.de\/wp-content\/uploads\/2026\/01\/BU20-400x267.jpg 400w, https:\/\/www.bu-mittelstetten.de\/wp-content\/uploads\/2026\/01\/BU20-1500x1001.jpg 1500w, https:\/\/www.bu-mittelstetten.de\/wp-content\/uploads\/2026\/01\/BU20-768x513.jpg 768w, https:\/\/www.bu-mittelstetten.de\/wp-content\/uploads\/2026\/01\/BU20-1536x1025.jpg 1536w, https:\/\/www.bu-mittelstetten.de\/wp-content\/uploads\/2026\/01\/BU20-2048x1367.jpg 2048w\" sizes=\"auto, (max-width: 470px) 100vw, 470px\" \/><\/p>\n<p><strong>Carmen Voxbrunner<\/strong><\/p>\n<hr \/>\n<p><img loading=\"lazy\" decoding=\"async\" class=\"alignnone size-full wp-image-652\" src=\"https:\/\/www.bu-mittelstetten.de\/wp-content\/uploads\/2019\/11\/VOX9896.jpg\" alt=\"\" width=\"5267\" height=\"3476\" srcset=\"https:\/\/www.bu-mittelstetten.de\/wp-content\/uploads\/2019\/11\/VOX9896.jpg 5267w, https:\/\/www.bu-mittelstetten.de\/wp-content\/uploads\/2019\/11\/VOX9896-400x264.jpg 400w, https:\/\/www.bu-mittelstetten.de\/wp-content\/uploads\/2019\/11\/VOX9896-768x507.jpg 768w, https:\/\/www.bu-mittelstetten.de\/wp-content\/uploads\/2019\/11\/VOX9896-1500x990.jpg 1500w\" sizes=\"auto, (max-width: 5267px) 100vw, 5267px\" \/><\/p>\n<p><strong>Friedrich Kiser <\/strong><\/p>\n<hr \/>\n<p><img loading=\"lazy\" decoding=\"async\" class=\"alignnone wp-image-1128\" src=\"https:\/\/www.bu-mittelstetten.de\/wp-content\/uploads\/2026\/01\/BU18-400x267.jpg\" alt=\"\" width=\"473\" height=\"316\" srcset=\"https:\/\/www.bu-mittelstetten.de\/wp-content\/uploads\/2026\/01\/BU18-400x267.jpg 400w, https:\/\/www.bu-mittelstetten.de\/wp-content\/uploads\/2026\/01\/BU18-1500x1001.jpg 1500w, https:\/\/www.bu-mittelstetten.de\/wp-content\/uploads\/2026\/01\/BU18-768x513.jpg 768w, https:\/\/www.bu-mittelstetten.de\/wp-content\/uploads\/2026\/01\/BU18-1536x1025.jpg 1536w, https:\/\/www.bu-mittelstetten.de\/wp-content\/uploads\/2026\/01\/BU18-2048x1367.jpg 2048w\" sizes=\"auto, (max-width: 473px) 100vw, 473px\" \/><\/p>\n<p><strong>Bettina Detsch<\/strong><\/p>\n","protected":false},"excerpt":{"rendered":"<p>BU-Gemeinder\u00e4te 2026 gew\u00e4hlt: Erwin Lauchner Carmen Voxbrunner Friedrich Kiser Bettina Detsch<\/p>\n","protected":false},"author":2,"featured_media":0,"parent":0,"menu_order":0,"comment_status":"closed","ping_status":"closed","template":"","meta":{"footnotes":""},"class_list":["post-4","page","type-page","status-publish","hentry"],"_links":{"self":[{"href":"https:\/\/www.bu-mittelstetten.de\/index.php?rest_route=\/wp\/v2\/pages\/4","targetHints":{"allow":["GET"]}}],"collection":[{"href":"https:\/\/www.bu-mittelstetten.de\/index.php?rest_route=\/wp\/v2\/pages"}],"about":[{"href":"https:\/\/www.bu-mittelstetten.de\/index.php?rest_route=\/wp\/v2\/types\/page"}],"author":[{"embeddable":true,"href":"https:\/\/www.bu-mittelstetten.de\/index.php?rest_route=\/wp\/v2\/users\/2"}],"replies":[{"embeddable":true,"href":"https:\/\/www.bu-mittelstetten.de\/index.php?rest_route=%2Fwp%2Fv2%2Fcomments&post=4"}],"version-history":[{"count":32,"href":"https:\/\/www.bu-mittelstetten.de\/index.php?rest_route=\/wp\/v2\/pages\/4\/revisions"}],"predecessor-version":[{"id":1164,"href":"https:\/\/www.bu-mittelstetten.de\/index.php?rest_route=\/wp\/v2\/pages\/4\/revisions\/1164"}],"wp:attachment":[{"href":"https:\/\/www.bu-mittelstetten.de\/index.php?rest_route=%2Fwp%2Fv2%2Fmedia&parent=4"}],"curies":[{"name":"wp","href":"https:\/\/api.w.org\/{rel}","templated":true}]}}