{"id":49,"date":"2016-03-21T14:39:09","date_gmt":"2016-03-21T14:39:09","guid":{"rendered":"http:\/\/bu-mittelstetten.de\/?page_id=49"},"modified":"2019-10-29T09:14:34","modified_gmt":"2019-10-29T08:14:34","slug":"bu-beitrittserklaerung","status":"publish","type":"page","link":"https:\/\/www.bu-mittelstetten.de\/?page_id=49","title":{"rendered":"BU-Mitglied werden"},"content":{"rendered":"<p style=\"text-align: justify;\">Falls du uns bei unseren kommunalen Aufgaben und T\u00e4tigkeiten unterst\u00fctzen willst, kannst du\u00a0dies am Einfachsten durch Deine <strong>kostenlose Mitgliedschaft<\/strong> in unserem <strong>BU-Verein<\/strong> tun.<\/p>\n<p>Wir freuen uns sehr auf dich<\/p>\n<p>und danken im Voraus<\/p>\n<p>Deine BU &#8211; Mittelstetten<\/p>\n<p><strong><a href=\"https:\/\/www.bu-mittelstetten.de\/wp-content\/uploads\/2017\/04\/BU_Beitrittserkl\u00e4rung-neu_01.01.17.pdf\" target=\"_blank\" rel=\"noopener noreferrer\">BU_Beitrittserkl\u00e4rung<\/a><\/strong><\/p>\n<p>Einfach die BU_Beitrittserkl\u00e4rung ausf\u00fcllen und an den BU-Vorstand weitergeben.<\/p>\n","protected":false},"excerpt":{"rendered":"<p>Falls du uns bei unseren kommunalen Aufgaben und T\u00e4tigkeiten unterst\u00fctzen willst, kannst du\u00a0dies am Einfachsten durch Deine kostenlose Mitgliedschaft in unserem BU-Verein tun. Wir freuen uns sehr auf dich und danken im Voraus Deine BU &#8211; Mittelstetten BU_Beitrittserkl\u00e4rung Einfach die BU_Beitrittserkl\u00e4rung ausf\u00fcllen und an den BU-Vorstand weitergeben.<\/p>\n","protected":false},"author":2,"featured_media":0,"parent":0,"menu_order":0,"comment_status":"closed","ping_status":"closed","template":"","meta":{"footnotes":""},"class_list":["post-49","page","type-page","status-publish","hentry"],"_links":{"self":[{"href":"https:\/\/www.bu-mittelstetten.de\/index.php?rest_route=\/wp\/v2\/pages\/49","targetHints":{"allow":["GET"]}}],"collection":[{"href":"https:\/\/www.bu-mittelstetten.de\/index.php?rest_route=\/wp\/v2\/pages"}],"about":[{"href":"https:\/\/www.bu-mittelstetten.de\/index.php?rest_route=\/wp\/v2\/types\/page"}],"author":[{"embeddable":true,"href":"https:\/\/www.bu-mittelstetten.de\/index.php?rest_route=\/wp\/v2\/users\/2"}],"replies":[{"embeddable":true,"href":"https:\/\/www.bu-mittelstetten.de\/index.php?rest_route=%2Fwp%2Fv2%2Fcomments&post=49"}],"version-history":[{"count":15,"href":"https:\/\/www.bu-mittelstetten.de\/index.php?rest_route=\/wp\/v2\/pages\/49\/revisions"}],"predecessor-version":[{"id":625,"href":"https:\/\/www.bu-mittelstetten.de\/index.php?rest_route=\/wp\/v2\/pages\/49\/revisions\/625"}],"wp:attachment":[{"href":"https:\/\/www.bu-mittelstetten.de\/index.php?rest_route=%2Fwp%2Fv2%2Fmedia&parent=49"}],"curies":[{"name":"wp","href":"https:\/\/api.w.org\/{rel}","templated":true}]}}